{"id":36,"date":"2018-05-07T15:04:03","date_gmt":"2018-05-07T13:04:03","guid":{"rendered":"http:\/\/www.angelo-pierrelaye.com\/?page_id=36"},"modified":"2018-06-17T19:43:42","modified_gmt":"2018-06-17T17:43:42","slug":"boissons-chaudes","status":"publish","type":"page","link":"https:\/\/www.angelo-pierrelaye.com\/index.php\/boissons\/boissons-chaudes","title":{"rendered":"BOISSONS CHAUDES"},"content":{"rendered":"<p>&nbsp;<\/p>\n\n<table id=\"tablepress-19\" class=\"tablepress tablepress-id-19\">\n<tbody>\n<tr class=\"row-1\">\n\t<td class=\"column-1\">Caf\u00e9<\/td><td class=\"column-2\">2.00 \u20ac<\/td>\n<\/tr>\n<tr class=\"row-2\">\n\t<td class=\"column-1\">D\u00e9caf\u00e9in\u00e9<\/td><td class=\"column-2\">2.00 \u20ac<\/td>\n<\/tr>\n<tr class=\"row-3\">\n\t<td class=\"column-1\">Capuccino<\/td><td class=\"column-2\">3.00 \u20ac<\/td>\n<\/tr>\n<tr class=\"row-4\">\n\t<td class=\"column-1\">Infusion<\/td><td class=\"column-2\">3.00 \u20ac<\/td>\n<\/tr>\n<tr class=\"row-5\">\n\t<td class=\"column-1\">Chocolat<\/td><td class=\"column-2\">3.00 \u20ac<\/td>\n<\/tr>\n<tr class=\"row-6\">\n\t<td class=\"column-1\">Irish coffee<\/td><td class=\"column-2\">7.00 \u20ac<\/td>\n<\/tr>\n<\/tbody>\n<\/table>\n<!-- #tablepress-19 from cache -->\n","protected":false},"excerpt":{"rendered":"<p>&nbsp;<\/p>\n","protected":false},"author":1,"featured_media":0,"parent":16,"menu_order":0,"comment_status":"closed","ping_status":"closed","template":"","meta":{"footnotes":""},"class_list":["post-36","page","type-page","status-publish","hentry"],"_links":{"self":[{"href":"https:\/\/www.angelo-pierrelaye.com\/index.php\/wp-json\/wp\/v2\/pages\/36","targetHints":{"allow":["GET"]}}],"collection":[{"href":"https:\/\/www.angelo-pierrelaye.com\/index.php\/wp-json\/wp\/v2\/pages"}],"about":[{"href":"https:\/\/www.angelo-pierrelaye.com\/index.php\/wp-json\/wp\/v2\/types\/page"}],"author":[{"embeddable":true,"href":"https:\/\/www.angelo-pierrelaye.com\/index.php\/wp-json\/wp\/v2\/users\/1"}],"replies":[{"embeddable":true,"href":"https:\/\/www.angelo-pierrelaye.com\/index.php\/wp-json\/wp\/v2\/comments?post=36"}],"version-history":[{"count":3,"href":"https:\/\/www.angelo-pierrelaye.com\/index.php\/wp-json\/wp\/v2\/pages\/36\/revisions"}],"predecessor-version":[{"id":269,"href":"https:\/\/www.angelo-pierrelaye.com\/index.php\/wp-json\/wp\/v2\/pages\/36\/revisions\/269"}],"up":[{"embeddable":true,"href":"https:\/\/www.angelo-pierrelaye.com\/index.php\/wp-json\/wp\/v2\/pages\/16"}],"wp:attachment":[{"href":"https:\/\/www.angelo-pierrelaye.com\/index.php\/wp-json\/wp\/v2\/media?parent=36"}],"curies":[{"name":"wp","href":"https:\/\/api.w.org\/{rel}","templated":true}]}}